{"id":3251,"date":"2020-12-31T18:26:45","date_gmt":"2020-12-31T17:26:45","guid":{"rendered":"http:\/\/hallade.net\/?page_id=3251"},"modified":"2021-01-03T11:08:40","modified_gmt":"2021-01-03T10:08:40","slug":"demande-de-reservation","status":"publish","type":"page","link":"https:\/\/hallade.net\/index.php\/demande-de-reservation\/","title":{"rendered":"DEMANDE DE RESERVATION"},"content":{"rendered":"\t\t<div data-elementor-type=\"wp-page\" data-elementor-id=\"3251\" class=\"elementor elementor-3251\" data-elementor-settings=\"[]\">\n\t\t\t\t\t\t<div class=\"elementor-inner\">\n\t\t\t\t\t\t\t<div class=\"elementor-section-wrap\">\n\t\t\t\t\t\t\t<section class=\"elementor-section elementor-top-section elementor-element elementor-element-93edaf1 elementor-section-boxed elementor-section-height-default elementor-section-height-default\" data-id=\"93edaf1\" data-element_type=\"section\">\n\t\t\t\t\t\t<div class=\"elementor-container elementor-column-gap-default\">\n\t\t\t\t\t\t\t<div class=\"elementor-row\">\n\t\t\t\t\t<div class=\"elementor-column elementor-col-100 elementor-top-column elementor-element elementor-element-ca50937\" data-id=\"ca50937\" data-element_type=\"column\">\n\t\t\t<div class=\"elementor-column-wrap elementor-element-populated\">\n\t\t\t\t\t\t\t<div class=\"elementor-widget-wrap\">\n\t\t\t\t\t\t<div class=\"elementor-element elementor-element-c087eb6 elementor-widget elementor-widget-heading\" data-id=\"c087eb6\" data-element_type=\"widget\" data-widget_type=\"heading.default\">\n\t\t\t\t<div class=\"elementor-widget-container\">\n\t\t\t<h2 class=\"elementor-heading-title elementor-size-default\">la Parenth\u00e8se<\/h2>\t\t<\/div>\n\t\t\t\t<\/div>\n\t\t\t\t\t\t<\/div>\n\t\t\t\t\t<\/div>\n\t\t<\/div>\n\t\t\t\t\t\t\t\t<\/div>\n\t\t\t\t\t<\/div>\n\t\t<\/section>\n\t\t\t\t<section class=\"elementor-section elementor-top-section elementor-element elementor-element-537f647 elementor-section-boxed elementor-section-height-default elementor-section-height-default\" data-id=\"537f647\" data-element_type=\"section\">\n\t\t\t\t\t\t<div class=\"elementor-container elementor-column-gap-default\">\n\t\t\t\t\t\t\t<div class=\"elementor-row\">\n\t\t\t\t\t<div class=\"elementor-column elementor-col-100 elementor-top-column elementor-element elementor-element-543451b\" data-id=\"543451b\" data-element_type=\"column\">\n\t\t\t<div class=\"elementor-column-wrap elementor-element-populated\">\n\t\t\t\t\t\t\t<div class=\"elementor-widget-wrap\">\n\t\t\t\t\t\t<div class=\"elementor-element elementor-element-40797d1 elementor-widget elementor-widget-heading\" data-id=\"40797d1\" data-element_type=\"widget\" data-widget_type=\"heading.default\">\n\t\t\t\t<div class=\"elementor-widget-container\">\n\t\t\t<h2 class=\"elementor-heading-title elementor-size-default\">Demande de r\u00e9servation<\/h2>\t\t<\/div>\n\t\t\t\t<\/div>\n\t\t\t\t\t\t<\/div>\n\t\t\t\t\t<\/div>\n\t\t<\/div>\n\t\t\t\t\t\t\t\t<\/div>\n\t\t\t\t\t<\/div>\n\t\t<\/section>\n\t\t\t\t<section class=\"elementor-section elementor-top-section elementor-element elementor-element-b2798f5 elementor-section-boxed elementor-section-height-default elementor-section-height-default\" data-id=\"b2798f5\" data-element_type=\"section\">\n\t\t\t\t\t\t<div class=\"elementor-container elementor-column-gap-default\">\n\t\t\t\t\t\t\t<div class=\"elementor-row\">\n\t\t\t\t\t<div class=\"elementor-column elementor-col-100 elementor-top-column elementor-element elementor-element-005d890\" data-id=\"005d890\" data-element_type=\"column\">\n\t\t\t<div class=\"elementor-column-wrap elementor-element-populated\">\n\t\t\t\t\t\t\t<div class=\"elementor-widget-wrap\">\n\t\t\t\t\t\t<div class=\"elementor-element elementor-element-a700f95 elementor-button-align-stretch elementor-widget elementor-widget-form\" data-id=\"a700f95\" data-element_type=\"widget\" data-settings=\"{&quot;step_next_label&quot;:&quot;Next&quot;,&quot;step_previous_label&quot;:&quot;Previous&quot;,&quot;button_width&quot;:&quot;100&quot;,&quot;step_type&quot;:&quot;number_text&quot;,&quot;step_icon_shape&quot;:&quot;circle&quot;}\" data-widget_type=\"form.default\">\n\t\t\t\t<div class=\"elementor-widget-container\">\n\t\t\t\t\t<form class=\"elementor-form\" method=\"post\" name=\"New Form\">\n\t\t\t<input type=\"hidden\" name=\"post_id\" value=\"3251\"\/>\n\t\t\t<input type=\"hidden\" name=\"form_id\" value=\"a700f95\"\/>\n\n\t\t\t\n\t\t\t<div class=\"elementor-form-fields-wrapper elementor-labels-above\">\n\t\t\t\t\t\t\t\t<div class=\"elementor-field-type-text elementor-field-group elementor-column elementor-field-group-name elementor-col-100\">\n\t\t\t\t\t<label for=\"form-field-name\" class=\"elementor-field-label\">NOM<\/label><input size=\"1\" type=\"text\" name=\"form_fields[name]\" id=\"form-field-name\" class=\"elementor-field elementor-size-sm  elementor-field-textual\" placeholder=\"Nom\">\t\t\t\t<\/div>\n\t\t\t\t\t\t\t\t<div class=\"elementor-field-type-text elementor-field-group elementor-column elementor-field-group-field_ed6f5f8 elementor-col-100\">\n\t\t\t\t\t<label for=\"form-field-field_ed6f5f8\" class=\"elementor-field-label\">PRENOM<\/label><input size=\"1\" type=\"text\" name=\"form_fields[field_ed6f5f8]\" id=\"form-field-field_ed6f5f8\" class=\"elementor-field elementor-size-sm  elementor-field-textual\" placeholder=\"Prenom\">\t\t\t\t<\/div>\n\t\t\t\t\t\t\t\t<div class=\"elementor-field-type-email elementor-field-group elementor-column elementor-field-group-email elementor-col-100 elementor-field-required\">\n\t\t\t\t\t<label for=\"form-field-email\" class=\"elementor-field-label\">Email<\/label><input size=\"1\" type=\"email\" name=\"form_fields[email]\" id=\"form-field-email\" class=\"elementor-field elementor-size-sm  elementor-field-textual\" placeholder=\"Email\" required=\"required\" aria-required=\"true\">\t\t\t\t<\/div>\n\t\t\t\t\t\t\t\t<div class=\"elementor-field-type-text elementor-field-group elementor-column elementor-field-group-field_14f393e elementor-col-100\">\n\t\t\t\t\t<label for=\"form-field-field_14f393e\" class=\"elementor-field-label\">TEL<\/label><input size=\"1\" type=\"text\" name=\"form_fields[field_14f393e]\" id=\"form-field-field_14f393e\" class=\"elementor-field elementor-size-sm  elementor-field-textual\" placeholder=\"T\u00e9l\">\t\t\t\t<\/div>\n\t\t\t\t\t\t\t\t<div class=\"elementor-field-type-text elementor-field-group elementor-column elementor-field-group-field_f0ffafa elementor-col-100\">\n\t\t\t\t\t<label for=\"form-field-field_f0ffafa\" class=\"elementor-field-label\">D\u00e9but S\u00e9jour<\/label><input size=\"1\" type=\"text\" name=\"form_fields[field_f0ffafa]\" id=\"form-field-field_f0ffafa\" class=\"elementor-field elementor-size-sm  elementor-field-textual\" placeholder=\"date\">\t\t\t\t<\/div>\n\t\t\t\t\t\t\t\t<div class=\"elementor-field-type-text elementor-field-group elementor-column elementor-field-group-field_c7afd0e elementor-col-100\">\n\t\t\t\t\t<label for=\"form-field-field_c7afd0e\" class=\"elementor-field-label\">Fin  S\u00e9jour<\/label><input size=\"1\" type=\"text\" name=\"form_fields[field_c7afd0e]\" id=\"form-field-field_c7afd0e\" class=\"elementor-field elementor-size-sm  elementor-field-textual\" placeholder=\"date\">\t\t\t\t<\/div>\n\t\t\t\t\t\t\t\t<div class=\"elementor-field-type-text elementor-field-group elementor-column elementor-field-group-field_2fd4cb2 elementor-col-100\">\n\t\t\t\t\t<label for=\"form-field-field_2fd4cb2\" class=\"elementor-field-label\">NOMBRE DE PERSONNES<\/label><input size=\"1\" type=\"text\" name=\"form_fields[field_2fd4cb2]\" id=\"form-field-field_2fd4cb2\" class=\"elementor-field elementor-size-sm  elementor-field-textual\" placeholder=\"Nombre\">\t\t\t\t<\/div>\n\t\t\t\t\t\t\t\t<div class=\"elementor-field-type-textarea elementor-field-group elementor-column elementor-field-group-message elementor-col-100\">\n\t\t\t\t\t<label for=\"form-field-message\" class=\"elementor-field-label\">Message<\/label><textarea class=\"elementor-field-textual elementor-field  elementor-size-sm\" name=\"form_fields[message]\" id=\"form-field-message\" rows=\"4\" placeholder=\"Si vous avez des demandes particuli\u00e8res ou des observations , n&#039;h\u00e9sitez pas \u00e0 nous en faire part ici- Merci\"><\/textarea>\t\t\t\t<\/div>\n\t\t\t\t\t\t\t\t<div class=\"elementor-field-group elementor-column elementor-field-type-submit elementor-col-100 e-form__buttons\">\n\t\t\t\t\t<button type=\"submit\" class=\"elementor-button elementor-size-sm\">\n\t\t\t\t\t\t<span >\n\t\t\t\t\t\t\t\t\t\t\t\t\t\t\t<span class=\" elementor-button-icon\">\n\t\t\t\t\t\t\t\t\t\t\t\t\t\t\t\t\t\t\t\t\t\t\t\t\t\t<\/span>\n\t\t\t\t\t\t\t\t\t\t\t\t\t\t\t\t\t\t\t\t\t\t<span class=\"elementor-button-text\">Envoyer la demande<\/span>\n\t\t\t\t\t\t\t\t\t\t\t\t\t<\/span>\n\t\t\t\t\t<\/button>\n\t\t\t\t<\/div>\n\t\t\t<\/div>\n\t\t<\/form>\n\t\t\t\t<\/div>\n\t\t\t\t<\/div>\n\t\t\t\t\t\t<\/div>\n\t\t\t\t\t<\/div>\n\t\t<\/div>\n\t\t\t\t\t\t\t\t<\/div>\n\t\t\t\t\t<\/div>\n\t\t<\/section>\n\t\t\t\t\t\t<\/div>\n\t\t\t\t\t\t<\/div>\n\t\t\t\t\t<\/div>\n\t\t","protected":false},"excerpt":{"rendered":"<p>la Parenth\u00e8se Demande de r\u00e9servation<\/p>\n","protected":false},"author":1,"featured_media":0,"parent":0,"menu_order":0,"comment_status":"closed","ping_status":"closed","template":"","meta":{"editor_plus_custom_animation_option_css":"{}","editor_plus_custom_css":"{}","editor_plus_custom_css_file_version":"initial","editor_plus_custom_styling_options_file_version":"initial","editor_plus_custom_styling_options_css":"{}","editor_plus_copied_stylings":"{}","ep-block-screenshot":"","ep-block-template":"{}","ep-block-status":"active","ep-block-slug":"","ep-block-source":"","editor_plus_extended_blocks_css":"{}","kk_blocks_editor_width":"","_kiokenblocks_attr":"","_kiokenblocks_dimensions":"","_kad_post_transparent":"","_kad_post_title":"hide","_kad_post_layout":"fullwidth","_kad_post_sidebar_id":"","_kad_post_content_style":"unboxed","_kad_post_vertical_padding":"hide","_kad_post_feature":"hide","_kad_post_feature_position":"","_kad_post_header":false,"_kad_post_footer":false,"footnotes":""},"class_list":["post-3251","page","type-page","status-publish","hentry"],"featured_image_urls":{"full":"","thumbnail":"","medium":"","medium_large":"","large":"","1536x1536":"","2048x2048":""},"post_excerpt_stackable":"<p>la Parenth\u00e8se Demande de r\u00e9servation NOM PRENOM Email TEL D\u00e9but S\u00e9jour Fin S\u00e9jour NOMBRE DE PERSONNES Message Envoyer la demande<\/p>\n","category_list":"","author_info":{"name":"admin9644","url":"https:\/\/hallade.net\/index.php\/author\/admin9644\/"},"comments_num":"0 comments","yoast_head":"<!-- This site is optimized with the Yoast SEO plugin v15.6.2 - https:\/\/yoast.com\/wordpress\/plugins\/seo\/ -->\n<title>DEMANDE DE RESERVATION - Campagne Chic<\/title>\n<meta name=\"robots\" content=\"index, follow, max-snippet:-1, max-image-preview:large, max-video-preview:-1\" \/>\n<link rel=\"canonical\" href=\"https:\/\/hallade.net\/index.php\/demande-de-reservation\/\" \/>\n<meta property=\"og:locale\" content=\"fr_FR\" \/>\n<meta property=\"og:type\" content=\"article\" \/>\n<meta property=\"og:title\" content=\"DEMANDE DE RESERVATION - Campagne Chic\" \/>\n<meta property=\"og:description\" content=\"la Parenth\u00e8se Demande de r\u00e9servation\" \/>\n<meta property=\"og:url\" content=\"https:\/\/hallade.net\/index.php\/demande-de-reservation\/\" \/>\n<meta property=\"og:site_name\" content=\"Campagne Chic\" \/>\n<meta property=\"article:modified_time\" content=\"2021-01-03T10:08:40+00:00\" \/>\n<meta name=\"twitter:card\" content=\"summary_large_image\" \/>\n<script type=\"application\/ld+json\" class=\"yoast-schema-graph\">{\"@context\":\"https:\/\/schema.org\",\"@graph\":[{\"@type\":\"WebSite\",\"@id\":\"https:\/\/hallade.net\/#website\",\"url\":\"https:\/\/hallade.net\/\",\"name\":\"Campagne Chic\",\"description\":\"\",\"potentialAction\":[{\"@type\":\"SearchAction\",\"target\":\"https:\/\/hallade.net\/?s={search_term_string}\",\"query-input\":\"required name=search_term_string\"}],\"inLanguage\":\"fr-FR\"},{\"@type\":\"WebPage\",\"@id\":\"https:\/\/hallade.net\/index.php\/demande-de-reservation\/#webpage\",\"url\":\"https:\/\/hallade.net\/index.php\/demande-de-reservation\/\",\"name\":\"DEMANDE DE RESERVATION - Campagne Chic\",\"isPartOf\":{\"@id\":\"https:\/\/hallade.net\/#website\"},\"datePublished\":\"2020-12-31T17:26:45+00:00\",\"dateModified\":\"2021-01-03T10:08:40+00:00\",\"inLanguage\":\"fr-FR\",\"potentialAction\":[{\"@type\":\"ReadAction\",\"target\":[\"https:\/\/hallade.net\/index.php\/demande-de-reservation\/\"]}]}]}<\/script>\n<!-- \/ Yoast SEO plugin. -->","_links":{"self":[{"href":"https:\/\/hallade.net\/index.php\/wp-json\/wp\/v2\/pages\/3251","targetHints":{"allow":["GET"]}}],"collection":[{"href":"https:\/\/hallade.net\/index.php\/wp-json\/wp\/v2\/pages"}],"about":[{"href":"https:\/\/hallade.net\/index.php\/wp-json\/wp\/v2\/types\/page"}],"author":[{"embeddable":true,"href":"https:\/\/hallade.net\/index.php\/wp-json\/wp\/v2\/users\/1"}],"replies":[{"embeddable":true,"href":"https:\/\/hallade.net\/index.php\/wp-json\/wp\/v2\/comments?post=3251"}],"version-history":[{"count":22,"href":"https:\/\/hallade.net\/index.php\/wp-json\/wp\/v2\/pages\/3251\/revisions"}],"predecessor-version":[{"id":3866,"href":"https:\/\/hallade.net\/index.php\/wp-json\/wp\/v2\/pages\/3251\/revisions\/3866"}],"wp:attachment":[{"href":"https:\/\/hallade.net\/index.php\/wp-json\/wp\/v2\/media?parent=3251"}],"curies":[{"name":"wp","href":"https:\/\/api.w.org\/{rel}","templated":true}]}}